{"id":151,"date":"2023-04-17T11:06:24","date_gmt":"2023-04-17T11:06:24","guid":{"rendered":"https:\/\/demo.themeinwp.net\/kiddies\/?page_id=151"},"modified":"2024-01-19T12:04:14","modified_gmt":"2024-01-19T11:04:14","slug":"about-us","status":"publish","type":"page","link":"https:\/\/domdziecka.lublin.pl\/?page_id=151","title":{"rendered":"O nas"},"content":{"rendered":"\n<p><\/p>\n\n\n\n<div class=\"wp-block-columns alignwide is-layout-flex wp-container-core-columns-is-layout-1 wp-block-columns-is-layout-flex\" style=\"padding-top:50px\">\n<div class=\"wp-block-column is-vertically-aligned-center is-layout-flow wp-block-column-is-layout-flow\">\n<h2 class=\"wp-block-heading has-text-align-center has-black-color has-text-color\" style=\"font-size:16px\">O naszym domu<\/h2>\n\n\n\n<hr class=\"wp-block-separator has-text-color has-black-color has-alpha-channel-opacity has-black-background-color has-background is-style-default\"\/>\n\n\n\n<p>Domy Dziecka cz\u0119sto kojarz\u0105 si\u0119 ludziom z ponurymi du\u017cymi budynkami z d\u0142ugimi korytarzami. Nasz Dom jest taki sam jak wiele innych na naszym osiedlu, nie ma tabliczki informuj\u0105cej, ze mie\u015bci si\u0119 tu plac\u00f3wka. To zwyczajny domek jednorodzinny. Dawniej dzieci o Domu Dziecka m\u00f3wi\u0142y cz\u0119sto \u201cbidul\u201d. Nikt z nas teraz tak nie m\u00f3wi.<\/p>\n\n\n\n<p>A jak jest wewn\u0105trz? Tak jak w wielu prywatnych domach i zupe\u0142nie inaczej ni\u017c w du\u017cych, tradycyjnych Domach Dziecka. Kuchnia nie jest du\u017ca, ale przytulna, tu jemy \u015bniadania i kolacje, tu cz\u0119sto siadamy, by pogada\u0107 przy herbacie.<\/p>\n\n\n\n<p>W jadalni, kt\u00f3ra jest obok kuchni jemy zazwyczaj obiady. Jest tu du\u017cy st\u00f3\u0142, dzi\u0119ki kt\u00f3remu mo\u017cemy wszyscy razem usi\u0105\u015b\u0107 . Tu te\u017c \u015bwi\u0119tujemy takie wydarzenia jak: rocznice urodzin, Wigili\u0119 Bo\u017cego Narodzenia, Nowego Roku, \u015bniadanie Wielkanocne oraz inne wa\u017cne dla nas dni.<\/p>\n\n\n\n<p>Na parterze jest te\u017c salon (jak to pi\u0119knie brzmi, prawda? W salonie s\u0105 bardzo wygodne kanapy. Czasami trudno wsta\u0107, nawet wtedy gdy film si\u0119 sko\u0144czy.<\/p>\n\n\n\n<p>Na pi\u0119trze s\u0105 sypialnie, ka\u017cda ma sw\u00f3j styl. Jest pok\u00f3j dziecinny z kolorow\u0105 tapet\u0105, sypialnia z du\u017cymi lustrami dla starszych dziewczyn, funkcjonalny pok\u00f3j dal ch\u0142opak\u00f3w z mn\u00f3stwem p\u00f3\u0142ek i p\u00f3\u0142eczek, ma\u0142a przytulna sypialnia, z bardzo romantycznymi firankami.<\/p>\n\n\n\n<p>Jest jeszcze pomieszczenie kt\u00f3re nazywamy si\u0142owni\u0105. S\u0105 tam materace, drabinki i st\u00f3\u0142 do tenisa. Takie miejsce gdzie mo\u017cna si\u0119 wyszale\u0107, kiedy cz\u0142owiek ma nadmiar energii.<\/p>\n\n\n\n<p>Wok\u00f3\u0142 domu jest ogr\u00f3d i du\u017co zieleni, jest hu\u015btawka ze zje\u017cd\u017calni\u0105 a w rogu ogrodu piaskownica. Od niedawna stoi te\u017c drewniany domek do zabawy. Z salonu mo\u017cna wyj\u015b\u0107 na taras zacieniony winoro\u015bl\u0105 i w ciep\u0142e wieczory usi\u0105\u015b\u0107 na hu\u015btawce ogrodowej z kolorowymi poduszkami. W ciep\u0142e wieczory na hu\u015btawce odbywaj\u0105 si\u0119 koncerty.<\/p>\n\n\n\n<p>Wiosn\u0105 i latem jest w naszym Domu szczeg\u00f3lnie pi\u0119knie<\/p>\n\n\n\n<p>Dom w kt\u00f3rym mieszkamy jest jednym z czterech dom\u00f3w, a wszystkie razem tworz\u0105 Dom Dziecka im Ewy Szelburg Zarembiny.<\/p>\n\n\n\n<p>Deklaracja dost\u0119pno\u015bci Strona Domu Dziecka im. Ewy Szelburg-Zarembiny<\/p>\n\n\n\n<p id=\"a11y-wstep\">Centrum Administracyjne im. Ewy Szelburg-Zarembiny zobowi\u0105zuje si\u0119 zapewni\u0107 dost\u0119pno\u015b\u0107 swojej strony internetowej zgodnie z przepisami ustawy z dnia 4&nbsp;kwietnia 2019&nbsp;r. o&nbsp;dost\u0119pno\u015bci cyfrowej stron internetowych i&nbsp;aplikacji mobilnych podmiot\u00f3w publicznych. O\u015bwiadczenie w sprawie dost\u0119pno\u015bci ma zastosowanie do strony internetowej <a href=\"http:\/\/www.domdziecka.lublin.pl\">Strona Domu Dziecka im. Ewy Szelburg-Zarembiny<\/a>.<\/p>\n\n\n\n<ul>\n<li>Data publikacji strony internetowej: 2014-06-01<\/li>\n\n\n\n<li>Data ostatniej istotnej aktualizacji: 2020-01-05<\/li>\n<\/ul>\n\n\n\n<p><\/p>\n\n\n\n<h2 class=\"wp-block-heading has-text-align-center has-black-color has-text-color\" style=\"font-size:16px\">Status pod wzgl\u0119dem zgodno\u015bci z ustaw\u0105<\/h2>\n\n\n\n<hr class=\"wp-block-separator has-text-color has-black-color has-alpha-channel-opacity has-black-background-color has-background is-style-default\"\/>\n\n\n\n<p>Strona internetowa jest <strong>cz\u0119\u015bciowo zgodna<\/strong> z\u00a0ustaw\u0105 o\u00a0dost\u0119pno\u015bci cyfrowej stron internetowych i\u00a0aplikacji mobilnych podmiot\u00f3w publicznych z\u00a0powodu niezgodno\u015bci lub wy\u0142\u0105cze\u0144 wymienionych poni\u017cej.<\/p>\n\n\n\n<p><\/p>\n\n\n\n<h2 class=\"wp-block-heading has-text-align-center has-black-color has-text-color\" style=\"font-size:16px\">Tre\u015bci niedost\u0119pne<\/h2>\n\n\n\n<hr class=\"wp-block-separator has-text-color has-black-color has-alpha-channel-opacity has-black-background-color has-background is-style-default\"\/>\n\n\n\n<ul>\n<li>Znak graficzny Domu Dziecka i odno\u015bnik do strony BIP s\u0105 niedost\u0119pne<\/li>\n\n\n\n<li>Nag\u0142\u00f3wki nie posiadaj\u0105 odpowiedniego kontrastu<\/li>\n\n\n\n<li>Filmy i zdj\u0119cia na stronie nie posiadaj\u0105 napis\u00f3w dla g\u0142uchych<\/li>\n\n\n\n<li>Formularze kontaktowe nie posiadaj\u0105 odpowiednich etykiet tekstowych<\/li>\n<\/ul>\n\n\n\n<p><\/p>\n\n\n\n<h2 class=\"wp-block-heading has-text-align-center has-black-color has-text-color\" style=\"font-size:16px\">Wy\u0142\u0105czenia<\/h2>\n\n\n\n<hr class=\"wp-block-separator has-text-color has-black-color has-alpha-channel-opacity has-black-background-color has-background is-style-default\"\/>\n\n\n\n<ul>\n<li>Strona zosta\u0142a stworzona i niedost\u0119pne materia\u0142\u00f3w na stronie zosta\u0142y opublikowane przed 23 wrze\u015bnia 2018 roku, czyli przed wej\u015bciem ustawy o dost\u0119pno\u015bci cyfrowej<\/li>\n<\/ul>\n\n\n\n<p><\/p>\n\n\n\n<h2 class=\"wp-block-heading has-text-align-center has-black-color has-text-color\" style=\"font-size:16px\">Przygotowanie deklaracji w sprawie dost\u0119pno\u015bci<\/h2>\n\n\n\n<hr class=\"wp-block-separator has-text-color has-black-color has-alpha-channel-opacity has-black-background-color has-background is-style-default\"\/>\n\n\n\n<ul>\n<li>Deklaracj\u0119 sporz\u0105dzono dnia: 2021-03-11<\/li>\n\n\n\n<li>Deklaracj\u0119 zosta\u0142a ostatnio poddana przegl\u0105dowi i aktualizacji dnia: 2021-03-11<\/li>\n<\/ul>\n\n\n\n<p>Deklaracj\u0119 sporz\u0105dzono na podstawie samooceny.<\/p>\n\n\n\n<p><\/p>\n\n\n\n<h2 class=\"wp-block-heading has-text-align-center has-black-color has-text-color\" style=\"font-size:16px\">Informacje zwrotne i dane kontaktowe<\/h2>\n\n\n\n<hr class=\"wp-block-separator has-text-color has-black-color has-alpha-channel-opacity has-black-background-color has-background is-style-default\"\/>\n\n\n\n<ul>\n<li>Za rozpatrywanie uwag i wniosk\u00f3w odpowiada: Janusz Krzych.<\/li>\n\n\n\n<li>E-mail: jkrzych@ca.lublin.eu<\/li>\n\n\n\n<li>Telefon: 814665600<\/li>\n<\/ul>\n\n\n\n<p id=\"a11y-procedura\">Ka\u017cdy ma prawo:<\/p>\n\n\n\n<ul>\n<li>zg\u0142osi\u0107 uwagi dotycz\u0105ce dost\u0119pno\u015bci cyfrowej strony lub jej elementu,<\/li>\n\n\n\n<li>zg\u0142osi\u0107 \u017c\u0105danie zapewnienia dost\u0119pno\u015bci cyfrowej strony lub jej elementu,<\/li>\n\n\n\n<li>wnioskowa\u0107 o udost\u0119pnienie niedost\u0119pnej informacji w innej alternatywnej formie.<\/li>\n<\/ul>\n\n\n\n<p>\u017b\u0105danie musi zawiera\u0107:<\/p>\n\n\n\n<ul>\n<li>dane kontaktowe osoby zg\u0142aszaj\u0105cej,<\/li>\n\n\n\n<li>wskazanie strony lub elementu strony, kt\u00f3rej dotyczy \u017c\u0105danie,<\/li>\n\n\n\n<li>wskazanie dogodnej formy udost\u0119pnienia informacji, je\u015bli \u017c\u0105danie dotyczy udost\u0119pnienia w formie alternatywnej informacji niedost\u0119pnej.<\/li>\n<\/ul>\n\n\n\n<p>Rozpatrzenie zg\u0142oszenia powinno nast\u0105pi\u0107 niezw\u0142ocznie, najp\u00f3\u017aniej w ci\u0105gu 7 dni. Je\u015bli w tym terminie zapewnienie dost\u0119pno\u015bci albo zapewnienie dost\u0119pu w alternatywnej formie nie jest mo\u017cliwe, powinno nast\u0105pi\u0107 najdalej w ci\u0105gu 2 miesi\u0119cy od daty zg\u0142oszenia.<\/p>\n\n\n\n<p><\/p>\n\n\n\n<h2 class=\"wp-block-heading has-text-align-center has-black-color has-text-color\" style=\"font-size:16px\">Skargi i odwo\u0142ania<\/h2>\n\n\n\n<hr class=\"wp-block-separator has-text-color has-black-color has-alpha-channel-opacity has-black-background-color has-background is-style-default\"\/>\n\n\n\n<p>Na niedotrzymanie tych termin\u00f3w oraz na odmow\u0119 realizacji \u017c\u0105dania mo\u017cna z\u0142o\u017cy\u0107 skarg\u0119 do organu nadzoruj\u0105cego poczt\u0105 lub drog\u0105 elektroniczn\u0105 na adres:<\/p>\n\n\n\n<ul>\n<li>Organ nadzoruj\u0105cy: Dyrektor Centrum Administracyjnego im. Ewy Szelburg-Zarembiny w Lublinie<\/li>\n\n\n\n<li>Adres: Al. Rac\u0142awickie 22<br>20-037 Lublin<\/li>\n\n\n\n<li>E-mail: sekretariat@ca.lublin.eu<\/li>\n\n\n\n<li>Telefon: 814665600<\/li>\n<\/ul>\n\n\n\n<p>Skarg\u0119 mo\u017cna z\u0142o\u017cy\u0107 r\u00f3wnie\u017c do <a href=\"https:\/\/www.rpo.gov.pl\/content\/jak-zglosic-sie-do-rzecznika-praw-obywatelskich\">Rzecznika Praw Obywatelskich<\/a>.<\/p>\n\n\n\n<p><\/p>\n\n\n\n<h2 class=\"wp-block-heading has-text-align-center has-black-color has-text-color\" style=\"font-size:16px\">Dost\u0119pno\u015b\u0107 architektoniczna<\/h2>\n\n\n\n<hr class=\"wp-block-separator has-text-color has-black-color has-alpha-channel-opacity has-black-background-color has-background is-style-default\"\/>\n\n\n\n<p>Wej\u015bcie g\u0142\u00f3wne do siedziby Centrum znajduje si\u0119 od podw\u00f3rzu\u00a0budynku przy Al. Rac\u0142awickich 22 w Lublinie. Wjazd na podw\u00f3rze od\u00a0strony ul. Sowi\u0144skiego. Przy budynku\u00a0znajduj\u0105 si\u0119 og\u00f3lnodost\u0119pne miejsca parkingowe, w tym wyznaczone miejsca parkingowa dla os\u00f3b niepe\u0142nosprawnych. Wej\u015bcie g\u0142\u00f3wne do lokalu\u00a0Centrum przez schody zewn\u0119trzne z czterema stopniami, wyposa\u017conymi w por\u0119cz. Wej\u015bcie to znajduje si\u0119 na parterze bloku przy Al. Rac\u0142awickich 22 (\u015brodek budynku, jest oznaczone tablic\u0105). Wej\u015bcie dla os\u00f3b niepe\u0142nosprawnych znajduje si\u0119 od strony Al. Rac\u0142awickich, z podjazdem dla w\u00f3zk\u00f3w. Wszystkie pomieszczenia Centrum znajduj\u0105\u00a0si\u0119 na jednym poziomie z dost\u0119pem os\u00f3b niepe\u0142nosprawnych. Toaleta dla niepe\u0142nosprawnych w og\u00f3lnodost\u0119pnym WC.\u00a0Lokal Centrum nie posiada pochylni, platform, informacji g\u0142osowych, p\u0119tli indykcyjnych. Brak oznacze\u0144 w alfabecie Braille\u2019a. Brak mo\u017cliwo\u015bci skorzystania z t\u0142umacza j\u0119zyka migowego na miejscu i online.<\/p>\n<\/div>\n<\/div>\n\n\n\n<div class=\"wp-block-group alignfull has-white-color has-blush-bordeaux-gradient-background has-text-color has-background\" style=\"padding-top:100px;padding-right:30px;padding-bottom:100px;padding-left:30px\"><div class=\"wp-block-group__inner-container is-layout-constrained wp-container-core-group-is-layout-2 wp-block-group-is-layout-constrained\">\n<div class=\"wp-block-columns is-layout-flex wp-container-core-columns-is-layout-2 wp-block-columns-is-layout-flex\" style=\"margin-top:0px;margin-bottom:0px;padding-top:0px;padding-right:0px;padding-bottom:0px;padding-left:0px\">\n<div class=\"wp-block-column is-vertically-aligned-center is-layout-flow wp-block-column-is-layout-flow\">\n<figure class=\"wp-block-image size-large\"><img loading=\"lazy\" decoding=\"async\" width=\"1024\" height=\"683\" src=\"https:\/\/demo.themeinwp.net\/kiddies\/wp-content\/uploads\/sites\/16\/2023\/04\/StockSnap_NY963ZH6T2-1024x683.jpg\" alt=\"\" class=\"wp-image-150\" srcset=\"https:\/\/domdziecka.lublin.pl\/wp-content\/uploads\/2023\/04\/StockSnap_NY963ZH6T2-1024x683.jpg 1024w, https:\/\/domdziecka.lublin.pl\/wp-content\/uploads\/2023\/04\/StockSnap_NY963ZH6T2-300x200.jpg 300w, https:\/\/domdziecka.lublin.pl\/wp-content\/uploads\/2023\/04\/StockSnap_NY963ZH6T2-768x512.jpg 768w, https:\/\/domdziecka.lublin.pl\/wp-content\/uploads\/2023\/04\/StockSnap_NY963ZH6T2-1536x1024.jpg 1536w, https:\/\/domdziecka.lublin.pl\/wp-content\/uploads\/2023\/04\/StockSnap_NY963ZH6T2.jpg 1600w\" sizes=\"(max-width: 1024px) 100vw, 1024px\" \/><\/figure>\n<\/div>\n\n\n\n<div class=\"wp-block-column is-vertically-aligned-center is-content-justification-left is-layout-constrained wp-container-core-column-is-layout-3 wp-block-column-is-layout-constrained\" style=\"padding-top:0px;padding-right:0px;padding-bottom:0px;padding-left:20px\">\n<div class=\"wp-block-group is-content-justification-left\" style=\"margin-top:0px;margin-bottom:0px;padding-top:0px;padding-right:0px;padding-bottom:0px;padding-left:0px\"><div class=\"wp-block-group__inner-container is-layout-constrained wp-container-core-group-is-layout-1 wp-block-group-is-layout-constrained\">\n<h6 class=\"wp-block-heading has-white-color has-text-color\" style=\"margin-top:0px;margin-right:0px;margin-bottom:0px;margin-left:0px;padding-top:0px;padding-right:0px;padding-bottom:0px;padding-left:0px;font-size:16px;font-style:normal;font-weight:300;line-height:1;text-transform:uppercase\">our top services<\/h6>\n\n\n\n<h2 class=\"wp-block-heading has-white-color has-text-color\" style=\"margin-top:10px;margin-right:0px;margin-bottom:20px;margin-left:0px;padding-top:0px;padding-right:0px;padding-bottom:0px;padding-left:0px;font-size:40px;font-style:normal;font-weight:700;text-transform:capitalize\">Our Best Services<\/h2>\n\n\n\n<h6 class=\"wp-block-heading has-white-color has-text-color\" style=\"font-size:16px;font-style:normal;font-weight:500;line-height:1.5\">Lorem ipsum dolor sit amet, consectetur adipiscing elit, sed do eiusmod tempor incididunt ut labore et dolore magna aliqua.<\/h6>\n\n\n\n<p class=\"has-white-color has-text-color\" style=\"margin-top:20px;margin-right:0px;margin-bottom:35px;margin-left:0px;padding-top:0px;padding-right:0px;padding-bottom:0px;padding-left:0px;font-size:16px\">Lorem ipsum dolor sit amet, consectetur adipiscing elit, sed do eiusmod tempor incididunt ut labore et dolore magna aliqua.<\/p>\n\n\n\n<div class=\"wp-block-buttons is-layout-flex wp-block-buttons-is-layout-flex\">\n<div class=\"wp-block-button has-custom-font-size\" style=\"font-size:16px\"><a class=\"wp-block-button__link has-white-color has-luminous-vivid-amber-to-luminous-vivid-orange-gradient-background has-text-color has-background wp-element-button\" style=\"padding-top:13px;padding-right:40px;padding-bottom:13px;padding-left:40px\">ABOUT US<\/a><\/div>\n<\/div>\n<\/div><\/div>\n<\/div>\n<\/div>\n<\/div><\/div>\n\n\n\n<div class=\"wp-block-group alignfull has-white-color has-text-color has-background\" style=\"background:linear-gradient(90deg,rgb(255,33,71) 0%,rgb(255,33,71) 35%,rgb(28,74,97) 35%);padding-top:100px;padding-right:30px;padding-bottom:100px;padding-left:30px\"><div class=\"wp-block-group__inner-container is-layout-constrained wp-container-core-group-is-layout-4 wp-block-group-is-layout-constrained\">\n<div class=\"wp-block-columns is-layout-flex wp-container-core-columns-is-layout-3 wp-block-columns-is-layout-flex\" style=\"margin-top:0px;margin-bottom:0px;padding-top:0px;padding-right:0px;padding-bottom:0px;padding-left:0px\">\n<div class=\"wp-block-column is-vertically-aligned-center is-layout-flow wp-block-column-is-layout-flow\">\n<figure class=\"wp-block-image size-large\"><img loading=\"lazy\" decoding=\"async\" width=\"1024\" height=\"683\" src=\"https:\/\/demo.themeinwp.net\/kiddies\/wp-content\/uploads\/sites\/16\/2023\/04\/StockSnap_NY963ZH6T2-1024x683.jpg\" alt=\"\" class=\"wp-image-150\" srcset=\"https:\/\/domdziecka.lublin.pl\/wp-content\/uploads\/2023\/04\/StockSnap_NY963ZH6T2-1024x683.jpg 1024w, https:\/\/domdziecka.lublin.pl\/wp-content\/uploads\/2023\/04\/StockSnap_NY963ZH6T2-300x200.jpg 300w, https:\/\/domdziecka.lublin.pl\/wp-content\/uploads\/2023\/04\/StockSnap_NY963ZH6T2-768x512.jpg 768w, https:\/\/domdziecka.lublin.pl\/wp-content\/uploads\/2023\/04\/StockSnap_NY963ZH6T2-1536x1024.jpg 1536w, https:\/\/domdziecka.lublin.pl\/wp-content\/uploads\/2023\/04\/StockSnap_NY963ZH6T2.jpg 1600w\" sizes=\"(max-width: 1024px) 100vw, 1024px\" \/><\/figure>\n<\/div>\n\n\n\n<div class=\"wp-block-column is-vertically-aligned-center is-content-justification-left is-layout-constrained wp-container-core-column-is-layout-5 wp-block-column-is-layout-constrained\" style=\"padding-top:0px;padding-right:0px;padding-bottom:0px;padding-left:20px\">\n<div class=\"wp-block-group is-content-justification-left\" style=\"margin-top:0px;margin-bottom:0px;padding-top:0px;padding-right:0px;padding-bottom:0px;padding-left:0px\"><div class=\"wp-block-group__inner-container is-layout-constrained wp-container-core-group-is-layout-3 wp-block-group-is-layout-constrained\">\n<h6 class=\"wp-block-heading has-white-color has-text-color\" style=\"margin-top:0px;margin-right:0px;margin-bottom:0px;margin-left:0px;padding-top:0px;padding-right:0px;padding-bottom:0px;padding-left:0px;font-size:16px;font-style:normal;font-weight:300;line-height:1;text-transform:uppercase\">our top services<\/h6>\n\n\n\n<h2 class=\"wp-block-heading has-white-color has-text-color\" style=\"margin-top:10px;margin-right:0px;margin-bottom:20px;margin-left:0px;padding-top:0px;padding-right:0px;padding-bottom:0px;padding-left:0px;font-size:40px;font-style:normal;font-weight:700;text-transform:capitalize\">Our Best Services<\/h2>\n\n\n\n<h6 class=\"wp-block-heading has-white-color has-text-color\" style=\"font-size:16px;font-style:normal;font-weight:500;line-height:1.5\">Lorem ipsum dolor sit amet, consectetur adipiscing elit, sed do eiusmod tempor incididunt ut labore et dolore magna aliqua.<\/h6>\n\n\n\n<p class=\"has-white-color has-text-color\" style=\"margin-top:20px;margin-right:0px;margin-bottom:35px;margin-left:0px;padding-top:0px;padding-right:0px;padding-bottom:0px;padding-left:0px;font-size:16px\">Lorem ipsum dolor sit amet, consectetur adipiscing elit, sed do eiusmod tempor incididunt ut labore et dolore magna aliqua.<\/p>\n\n\n\n<div class=\"wp-block-buttons is-layout-flex wp-block-buttons-is-layout-flex\">\n<div class=\"wp-block-button has-custom-font-size\" style=\"font-size:16px\"><a class=\"wp-block-button__link has-white-color has-text-color has-background wp-element-button\" style=\"background-color:#ff2143;padding-top:13px;padding-right:40px;padding-bottom:13px;padding-left:40px\">ABOUT US<\/a><\/div>\n<\/div>\n<\/div><\/div>\n<\/div>\n<\/div>\n<\/div><\/div>\n\n\n\n<p><\/p>\n","protected":false},"excerpt":{"rendered":"<p>O naszym domu Domy Dziecka cz\u0119sto kojarz\u0105 si\u0119 ludziom z ponurymi du\u017cymi budynkami z d\u0142ugimi korytarzami. Nasz Dom jest taki sam jak wiele innych na [&hellip;]<\/p>\n","protected":false},"author":1,"featured_media":0,"parent":0,"menu_order":0,"comment_status":"closed","ping_status":"closed","template":"template-parts\/full-width-page-template.php","meta":{"footnotes":""},"_links":{"self":[{"href":"https:\/\/domdziecka.lublin.pl\/index.php?rest_route=\/wp\/v2\/pages\/151"}],"collection":[{"href":"https:\/\/domdziecka.lublin.pl\/index.php?rest_route=\/wp\/v2\/pages"}],"about":[{"href":"https:\/\/domdziecka.lublin.pl\/index.php?rest_route=\/wp\/v2\/types\/page"}],"author":[{"embeddable":true,"href":"https:\/\/domdziecka.lublin.pl\/index.php?rest_route=\/wp\/v2\/users\/1"}],"replies":[{"embeddable":true,"href":"https:\/\/domdziecka.lublin.pl\/index.php?rest_route=%2Fwp%2Fv2%2Fcomments&post=151"}],"version-history":[{"count":2,"href":"https:\/\/domdziecka.lublin.pl\/index.php?rest_route=\/wp\/v2\/pages\/151\/revisions"}],"predecessor-version":[{"id":489,"href":"https:\/\/domdziecka.lublin.pl\/index.php?rest_route=\/wp\/v2\/pages\/151\/revisions\/489"}],"wp:attachment":[{"href":"https:\/\/domdziecka.lublin.pl\/index.php?rest_route=%2Fwp%2Fv2%2Fmedia&parent=151"}],"curies":[{"name":"wp","href":"https:\/\/api.w.org\/{rel}","templated":true}]}}